{"id":1958,"date":"2026-02-27T11:05:11","date_gmt":"2026-02-27T10:05:11","guid":{"rendered":"https:\/\/grosman-tour.de\/?page_id=1958"},"modified":"2026-03-04T11:20:00","modified_gmt":"2026-03-04T10:20:00","slug":"reiselaender","status":"publish","type":"page","link":"https:\/\/grosman-tour.de\/ru\/reiselaender\/","title":{"rendered":"Reisel\u00e4nder"},"content":{"rendered":"<div data-elementor-type=\"wp-page\" data-elementor-id=\"1958\" class=\"elementor elementor-1958\">\n\t\t\t\t\t\t<section class=\"elementor-section elementor-top-section elementor-element elementor-element-2a56b896 elementor-section-boxed elementor-section-height-default elementor-section-height-default wpr-particle-no wpr-jarallax-no wpr-parallax-no wpr-sticky-section-no\" data-id=\"2a56b896\" data-element_type=\"section\" data-e-type=\"section\">\n\t\t\t\t\t\t<div class=\"elementor-container elementor-column-gap-default\">\n\t\t\t\t\t<div class=\"elementor-column elementor-col-100 elementor-top-column elementor-element elementor-element-61128294\" data-id=\"61128294\" data-element_type=\"column\" data-e-type=\"column\">\n\t\t\t<div class=\"elementor-widget-wrap elementor-element-populated\">\n\t\t\t\t<div class=\"elementor-element elementor-element-d5126c4 e-grid e-con-boxed wpr-particle-no wpr-jarallax-no wpr-parallax-no wpr-sticky-section-no e-con e-parent\" data-id=\"d5126c4\" data-element_type=\"container\" data-e-type=\"container\">\n\t\t\t\t\t<div class=\"e-con-inner\">\n\t\t<div class=\"elementor-element elementor-element-7927ba9 e-con-full e-flex wpr-particle-no wpr-jarallax-no wpr-parallax-no wpr-sticky-section-no e-con e-child\" data-id=\"7927ba9\" data-element_type=\"container\" data-e-type=\"container\" data-settings=\"{&quot;background_background&quot;:&quot;classic&quot;}\">\n\t\t\t\t<div class=\"elementor-element elementor-element-6a05a0c e-transform elementor-widget elementor-widget-heading\" data-id=\"6a05a0c\" data-element_type=\"widget\" data-e-type=\"widget\" data-settings=\"{&quot;_transform_scale_effect_hover&quot;:{&quot;unit&quot;:&quot;px&quot;,&quot;size&quot;:1.1000000000000001,&quot;sizes&quot;:[]},&quot;_transform_scale_effect_hover_tablet&quot;:{&quot;unit&quot;:&quot;px&quot;,&quot;size&quot;:&quot;&quot;,&quot;sizes&quot;:[]},&quot;_transform_scale_effect_hover_mobile&quot;:{&quot;unit&quot;:&quot;px&quot;,&quot;size&quot;:&quot;&quot;,&quot;sizes&quot;:[]}}\" data-widget_type=\"heading.default\">\n\t\t\t\t\t<h2 class=\"elementor-heading-title elementor-size-default\"><a href=\"https:\/\/grosman-tour.de\/ru\/armenien\/\">Reisen nach Armenien<\/a><\/h2>\t\t\t\t<\/div>\n\t\t\t\t<div class=\"elementor-element elementor-element-d47e44d elementor-widget elementor-widget-text-editor\" data-id=\"d47e44d\" data-element_type=\"widget\" data-e-type=\"widget\" data-widget_type=\"text-editor.default\">\n\t\t\t\t\t\t\t\t\t<p>\u041e\u0442\u043a\u0440\u043e\u0439\u0442\u0435 \u0434\u043b\u044f \u0441\u0435\u0431\u044f \u0441\u0442\u043e\u043b\u0438\u0446\u0443 \u0410\u0440\u043c\u0435\u043d\u0438\u0438, \u0430 \u0442\u0430\u043a\u0436\u0435 \u0432\u0430\u0436\u043d\u0435\u0439\u0448\u0438\u0435 \u043a\u0443\u043b\u044c\u0442\u0443\u0440\u043d\u044b\u0435 \u0438 \u0440\u0435\u043b\u0438\u0433\u0438\u043e\u0437\u043d\u044b\u0435 \u0434\u043e\u0441\u0442\u043e\u043f\u0440\u0438\u043c\u0435\u0447\u0430\u0442\u0435\u043b\u044c\u043d\u043e\u0441\u0442\u0438 \u0441\u0442\u0440\u0430\u043d\u044b.<\/p>\t\t\t\t\t\t\t\t<\/div>\n\t\t\t\t<div class=\"elementor-element elementor-element-7e1d249 elementor-align-center elementor-widget elementor-widget-button\" data-id=\"7e1d249\" data-element_type=\"widget\" data-e-type=\"widget\" data-widget_type=\"button.default\">\n\t\t\t\t\t\t\t\t\t\t<a class=\"elementor-button elementor-button-link elementor-size-sm\" href=\"https:\/\/grosman-tour.de\/ru\/armenien\/\">\n\t\t\t\t\t\t<span class=\"elementor-button-content-wrapper\">\n\t\t\t\t\t\t\t\t\t<span class=\"elementor-button-text\">\u041e\u0442\u043a\u0440\u043e\u0439\u0442\u0435 \u0441\u0435\u0439\u0447\u0430\u0441<\/span>\n\t\t\t\t\t<\/span>\n\t\t\t\t\t<\/a>\n\t\t\t\t\t\t\t\t<\/div>\n\t\t\t\t<\/div>\n\t\t<div class=\"elementor-element elementor-element-ab60187 e-con-full e-flex wpr-particle-no wpr-jarallax-no wpr-parallax-no wpr-sticky-section-no e-con e-child\" data-id=\"ab60187\" data-element_type=\"container\" data-e-type=\"container\" data-settings=\"{&quot;background_background&quot;:&quot;classic&quot;}\">\n\t\t\t\t<div class=\"elementor-element elementor-element-71f0894 e-transform elementor-widget elementor-widget-heading\" data-id=\"71f0894\" data-element_type=\"widget\" data-e-type=\"widget\" data-settings=\"{&quot;_transform_scale_effect_hover&quot;:{&quot;unit&quot;:&quot;px&quot;,&quot;size&quot;:1.1000000000000001,&quot;sizes&quot;:[]},&quot;_transform_scale_effect_hover_tablet&quot;:{&quot;unit&quot;:&quot;px&quot;,&quot;size&quot;:&quot;&quot;,&quot;sizes&quot;:[]},&quot;_transform_scale_effect_hover_mobile&quot;:{&quot;unit&quot;:&quot;px&quot;,&quot;size&quot;:&quot;&quot;,&quot;sizes&quot;:[]}}\" data-widget_type=\"heading.default\">\n\t\t\t\t\t<h2 class=\"elementor-heading-title elementor-size-default\"><a href=\"https:\/\/grosman-tour.de\/ru\/georgien\/\">Reisen nach Georgien<\/a><\/h2>\t\t\t\t<\/div>\n\t\t\t\t<div class=\"elementor-element elementor-element-0c2b0b7 elementor-widget elementor-widget-text-editor\" data-id=\"0c2b0b7\" data-element_type=\"widget\" data-e-type=\"widget\" data-widget_type=\"text-editor.default\">\n\t\t\t\t\t\t\t\t\t<p>Georgien am Schwarzen Meer fasziniert mit beeindruckender Natur, jahrtausendealter Geschichte und georgischer Gastfreundschaft.<\/p>\t\t\t\t\t\t\t\t<\/div>\n\t\t\t\t<div class=\"elementor-element elementor-element-fd434b6 elementor-align-center elementor-widget elementor-widget-button\" data-id=\"fd434b6\" data-element_type=\"widget\" data-e-type=\"widget\" data-widget_type=\"button.default\">\n\t\t\t\t\t\t\t\t\t\t<a class=\"elementor-button elementor-button-link elementor-size-sm\" href=\"https:\/\/grosman-tour.de\/ru\/georgien\/\">\n\t\t\t\t\t\t<span class=\"elementor-button-content-wrapper\">\n\t\t\t\t\t\t\t\t\t<span class=\"elementor-button-text\">\u041e\u0442\u043a\u0440\u043e\u0439\u0442\u0435 \u0441\u0435\u0439\u0447\u0430\u0441<\/span>\n\t\t\t\t\t<\/span>\n\t\t\t\t\t<\/a>\n\t\t\t\t\t\t\t\t<\/div>\n\t\t\t\t<\/div>\n\t\t<div class=\"elementor-element elementor-element-dd899e5 e-con-full e-flex wpr-particle-no wpr-jarallax-no wpr-parallax-no wpr-sticky-section-no e-con e-child\" data-id=\"dd899e5\" data-element_type=\"container\" data-e-type=\"container\" data-settings=\"{&quot;background_background&quot;:&quot;classic&quot;}\">\n\t\t\t\t<div class=\"elementor-element elementor-element-86c5e9d e-transform elementor-widget elementor-widget-heading\" data-id=\"86c5e9d\" data-element_type=\"widget\" data-e-type=\"widget\" data-settings=\"{&quot;_transform_scale_effect_hover&quot;:{&quot;unit&quot;:&quot;px&quot;,&quot;size&quot;:1.1000000000000001,&quot;sizes&quot;:[]},&quot;_transform_scale_effect_hover_tablet&quot;:{&quot;unit&quot;:&quot;px&quot;,&quot;size&quot;:&quot;&quot;,&quot;sizes&quot;:[]},&quot;_transform_scale_effect_hover_mobile&quot;:{&quot;unit&quot;:&quot;px&quot;,&quot;size&quot;:&quot;&quot;,&quot;sizes&quot;:[]}}\" data-widget_type=\"heading.default\">\n\t\t\t\t\t<h2 class=\"elementor-heading-title elementor-size-default\"><a href=\"https:\/\/grosman-tour.de\/ru\/griechenland\/\">Reisen nach Griechenland<\/a><\/h2>\t\t\t\t<\/div>\n\t\t\t\t<div class=\"elementor-element elementor-element-92c914c elementor-widget elementor-widget-text-editor\" data-id=\"92c914c\" data-element_type=\"widget\" data-e-type=\"widget\" data-widget_type=\"text-editor.default\">\n\t\t\t\t\t\t\t\t\t<p>Historische St\u00e4dte, beeindruckende Sehensw\u00fcrdigkeiten, t\u00fcrkisblaue Buchten, sonnige Str\u00e4nde und traditionelle K\u00fcche.<\/p>\t\t\t\t\t\t\t\t<\/div>\n\t\t\t\t<div class=\"elementor-element elementor-element-355e496 elementor-align-center elementor-widget elementor-widget-button\" data-id=\"355e496\" data-element_type=\"widget\" data-e-type=\"widget\" data-widget_type=\"button.default\">\n\t\t\t\t\t\t\t\t\t\t<a class=\"elementor-button elementor-button-link elementor-size-sm\" href=\"https:\/\/grosman-tour.de\/ru\/griechenland\/\">\n\t\t\t\t\t\t<span class=\"elementor-button-content-wrapper\">\n\t\t\t\t\t\t\t\t\t<span class=\"elementor-button-text\">\u041e\u0442\u043a\u0440\u043e\u0439\u0442\u0435 \u0441\u0435\u0439\u0447\u0430\u0441<\/span>\n\t\t\t\t\t<\/span>\n\t\t\t\t\t<\/a>\n\t\t\t\t\t\t\t\t<\/div>\n\t\t\t\t<\/div>\n\t\t<div class=\"elementor-element elementor-element-9c9bb7d e-con-full e-flex wpr-particle-no wpr-jarallax-no wpr-parallax-no wpr-sticky-section-no e-con e-child\" data-id=\"9c9bb7d\" data-element_type=\"container\" data-e-type=\"container\" data-settings=\"{&quot;background_background&quot;:&quot;classic&quot;}\">\n\t\t\t\t<div class=\"elementor-element elementor-element-bd6d073 e-transform elementor-widget elementor-widget-heading\" data-id=\"bd6d073\" data-element_type=\"widget\" data-e-type=\"widget\" data-settings=\"{&quot;_transform_scale_effect_hover&quot;:{&quot;unit&quot;:&quot;px&quot;,&quot;size&quot;:1.1000000000000001,&quot;sizes&quot;:[]},&quot;_transform_scale_effect_hover_tablet&quot;:{&quot;unit&quot;:&quot;px&quot;,&quot;size&quot;:&quot;&quot;,&quot;sizes&quot;:[]},&quot;_transform_scale_effect_hover_mobile&quot;:{&quot;unit&quot;:&quot;px&quot;,&quot;size&quot;:&quot;&quot;,&quot;sizes&quot;:[]}}\" data-widget_type=\"heading.default\">\n\t\t\t\t\t<h2 class=\"elementor-heading-title elementor-size-default\"><a href=\"https:\/\/grosman-tour.de\/ru\/italien\/\">Reisen nach Italien<\/a><\/h2>\t\t\t\t<\/div>\n\t\t\t\t<div class=\"elementor-element elementor-element-2de607a elementor-widget elementor-widget-text-editor\" data-id=\"2de607a\" data-element_type=\"widget\" data-e-type=\"widget\" data-widget_type=\"text-editor.default\">\n\t\t\t\t\t\t\t\t\t<p>Begeistert mit weltber\u00fchmter Kultur, historischen St\u00e4dten, traumhaften K\u00fcsten und einer K\u00fcche, die zu den beliebtesten der Welt geh\u00f6rt.<\/p>\t\t\t\t\t\t\t\t<\/div>\n\t\t\t\t<div class=\"elementor-element elementor-element-93d7ccb elementor-align-center elementor-widget elementor-widget-button\" data-id=\"93d7ccb\" data-element_type=\"widget\" data-e-type=\"widget\" data-widget_type=\"button.default\">\n\t\t\t\t\t\t\t\t\t\t<a class=\"elementor-button elementor-button-link elementor-size-sm\" href=\"https:\/\/grosman-tour.de\/ru\/italien\/\">\n\t\t\t\t\t\t<span class=\"elementor-button-content-wrapper\">\n\t\t\t\t\t\t\t\t\t<span class=\"elementor-button-text\">\u041e\u0442\u043a\u0440\u043e\u0439\u0442\u0435 \u0441\u0435\u0439\u0447\u0430\u0441<\/span>\n\t\t\t\t\t<\/span>\n\t\t\t\t\t<\/a>\n\t\t\t\t\t\t\t\t<\/div>\n\t\t\t\t<\/div>\n\t\t\t\t\t<\/div>\n\t\t\t\t<\/div>\n\t\t\t\t\t<\/div>\n\t\t<\/div>\n\t\t\t\t\t<\/div>\n\t\t<\/section>\n\t\t\t\t<\/div>","protected":false},"excerpt":{"rendered":"<p>Reisen nach Armenien Entdecken Sie die armenische Hauptstadt, sowie zu den wichtigsten kulturellen und religi\u00f6sen Sehensw\u00fcrdigkeiten Armeniens. Jetzt entdecken Reisen nach Georgien Georgien am Schwarzen Meer fasziniert mit beeindruckender Natur, jahrtausendealter Geschichte und georgischer Gastfreundschaft. Jetzt entdecken Reisen nach Griechenland Historische St\u00e4dte, beeindruckende Sehensw\u00fcrdigkeiten, t\u00fcrkisblaue Buchten, sonnige Str\u00e4nde und traditionelle K\u00fcche. Jetzt entdecken Reisen nach Italien Begeistert mit weltber\u00fchmter Kultur, historischen St\u00e4dten, traumhaften K\u00fcsten und einer K\u00fcche, die zu den beliebtesten der Welt geh\u00f6rt. Jetzt entdecken<\/p>","protected":false},"author":1,"featured_media":1959,"parent":0,"menu_order":0,"comment_status":"closed","ping_status":"closed","template":"elementor_canvas","meta":{"ocean_post_layout":"","ocean_both_sidebars_style":"","ocean_both_sidebars_content_width":0,"ocean_both_sidebars_sidebars_width":0,"ocean_sidebar":"","ocean_second_sidebar":"","ocean_disable_margins":"enable","ocean_add_body_class":"","ocean_shortcode_before_top_bar":"","ocean_shortcode_after_top_bar":"","ocean_shortcode_before_header":"","ocean_shortcode_after_header":"","ocean_has_shortcode":"","ocean_shortcode_after_title":"","ocean_shortcode_before_footer_widgets":"","ocean_shortcode_after_footer_widgets":"","ocean_shortcode_before_footer_bottom":"","ocean_shortcode_after_footer_bottom":"","ocean_display_top_bar":"default","ocean_display_header":"default","ocean_header_style":"","ocean_center_header_left_menu":"","ocean_custom_header_template":"","ocean_custom_logo":0,"ocean_custom_retina_logo":0,"ocean_custom_logo_max_width":0,"ocean_custom_logo_tablet_max_width":0,"ocean_custom_logo_mobile_max_width":0,"ocean_custom_logo_max_height":0,"ocean_custom_logo_tablet_max_height":0,"ocean_custom_logo_mobile_max_height":0,"ocean_header_custom_menu":"","ocean_menu_typo_font_family":"","ocean_menu_typo_font_subset":"","ocean_menu_typo_font_size":0,"ocean_menu_typo_font_size_tablet":0,"ocean_menu_typo_font_size_mobile":0,"ocean_menu_typo_font_size_unit":"px","ocean_menu_typo_font_weight":"","ocean_menu_typo_font_weight_tablet":"","ocean_menu_typo_font_weight_mobile":"","ocean_menu_typo_transform":"","ocean_menu_typo_transform_tablet":"","ocean_menu_typo_transform_mobile":"","ocean_menu_typo_line_height":0,"ocean_menu_typo_line_height_tablet":0,"ocean_menu_typo_line_height_mobile":0,"ocean_menu_typo_line_height_unit":"","ocean_menu_typo_spacing":0,"ocean_menu_typo_spacing_tablet":0,"ocean_menu_typo_spacing_mobile":0,"ocean_menu_typo_spacing_unit":"","ocean_menu_link_color":"","ocean_menu_link_color_hover":"","ocean_menu_link_color_active":"","ocean_menu_link_background":"","ocean_menu_link_hover_background":"","ocean_menu_link_active_background":"","ocean_menu_social_links_bg":"","ocean_menu_social_hover_links_bg":"","ocean_menu_social_links_color":"","ocean_menu_social_hover_links_color":"","ocean_disable_title":"default","ocean_disable_heading":"default","ocean_post_title":"","ocean_post_subheading":"","ocean_post_title_style":"","ocean_post_title_background_color":"","ocean_post_title_background":0,"ocean_post_title_bg_image_position":"","ocean_post_title_bg_image_attachment":"","ocean_post_title_bg_image_repeat":"","ocean_post_title_bg_image_size":"","ocean_post_title_height":0,"ocean_post_title_bg_overlay":0.5,"ocean_post_title_bg_overlay_color":"","ocean_disable_breadcrumbs":"default","ocean_breadcrumbs_color":"","ocean_breadcrumbs_separator_color":"","ocean_breadcrumbs_links_color":"","ocean_breadcrumbs_links_hover_color":"","ocean_display_footer_widgets":"default","ocean_display_footer_bottom":"default","ocean_custom_footer_template":"","footnotes":""},"class_list":["post-1958","page","type-page","status-publish","has-post-thumbnail","hentry","entry","has-media"],"yoast_head":"<!-- This site is optimized with the Yoast SEO plugin v27.1.1 - https:\/\/yoast.com\/product\/yoast-seo-wordpress\/ -->\n<title>Alle Reisel\u00e4nder in die Grosman Tour eine Reise plant - jetzt entdecken<\/title>\n<meta name=\"description\" content=\"Die Welt ist voller faszinierender Reisel\u00e4nder, einzigartigen Kulturen, beeindruckenden Landschaften &amp; unvergesslichen Erlebnissen.\" \/>\n<meta name=\"robots\" content=\"index, follow, max-snippet:-1, max-image-preview:large, max-video-preview:-1\" \/>\n<link rel=\"canonical\" href=\"https:\/\/grosman-tour.de\/ru\/reiselaender\/\" \/>\n<meta property=\"og:locale\" content=\"ru_RU\" \/>\n<meta property=\"og:type\" content=\"article\" \/>\n<meta property=\"og:title\" content=\"Alle Reisel\u00e4nder in die Grosman Tour eine Reise plant - jetzt entdecken\" \/>\n<meta property=\"og:description\" content=\"Die Welt ist voller faszinierender Reisel\u00e4nder, einzigartigen Kulturen, beeindruckenden Landschaften &amp; unvergesslichen Erlebnissen.\" \/>\n<meta property=\"og:url\" content=\"https:\/\/grosman-tour.de\/ru\/reiselaender\/\" \/>\n<meta property=\"og:site_name\" content=\"Grosman Tour\" \/>\n<meta property=\"article:modified_time\" content=\"2026-03-04T10:20:00+00:00\" \/>\n<meta property=\"og:image\" content=\"https:\/\/grosman-tour.de\/wp-content\/uploads\/2026\/02\/reiselaender-grosmantour-1024x693.png\" \/>\n\t<meta property=\"og:image:width\" content=\"1024\" \/>\n\t<meta property=\"og:image:height\" content=\"693\" \/>\n\t<meta property=\"og:image:type\" content=\"image\/png\" \/>\n<meta name=\"twitter:card\" content=\"summary_large_image\" \/>\n<meta name=\"twitter:label1\" content=\"\u041f\u0440\u0438\u043c\u0435\u0440\u043d\u043e\u0435 \u0432\u0440\u0435\u043c\u044f \u0434\u043b\u044f \u0447\u0442\u0435\u043d\u0438\u044f\" \/>\n\t<meta name=\"twitter:data1\" content=\"1 \u043c\u0438\u043d\u0443\u0442\u0430\" \/>\n<script type=\"application\/ld+json\" class=\"yoast-schema-graph\">{\"@context\":\"https:\/\/schema.org\",\"@graph\":[{\"@type\":\"WebPage\",\"@id\":\"https:\/\/grosman-tour.de\/reiselaender\/\",\"url\":\"https:\/\/grosman-tour.de\/reiselaender\/\",\"name\":\"Alle Reisel\u00e4nder in die Grosman Tour eine Reise plant - jetzt entdecken\",\"isPartOf\":{\"@id\":\"https:\/\/grosman-tour.de\/#website\"},\"primaryImageOfPage\":{\"@id\":\"https:\/\/grosman-tour.de\/reiselaender\/#primaryimage\"},\"image\":{\"@id\":\"https:\/\/grosman-tour.de\/reiselaender\/#primaryimage\"},\"thumbnailUrl\":\"https:\/\/grosman-tour.de\/wp-content\/uploads\/2026\/02\/reiselaender-grosmantour.png\",\"datePublished\":\"2026-02-27T10:05:11+00:00\",\"dateModified\":\"2026-03-04T10:20:00+00:00\",\"description\":\"Die Welt ist voller faszinierender Reisel\u00e4nder, einzigartigen Kulturen, beeindruckenden Landschaften & unvergesslichen Erlebnissen.\",\"breadcrumb\":{\"@id\":\"https:\/\/grosman-tour.de\/reiselaender\/#breadcrumb\"},\"inLanguage\":\"ru-RU\",\"potentialAction\":[{\"@type\":\"ReadAction\",\"target\":[\"https:\/\/grosman-tour.de\/reiselaender\/\"]}]},{\"@type\":\"ImageObject\",\"inLanguage\":\"ru-RU\",\"@id\":\"https:\/\/grosman-tour.de\/reiselaender\/#primaryimage\",\"url\":\"https:\/\/grosman-tour.de\/wp-content\/uploads\/2026\/02\/reiselaender-grosmantour.png\",\"contentUrl\":\"https:\/\/grosman-tour.de\/wp-content\/uploads\/2026\/02\/reiselaender-grosmantour.png\",\"width\":1920,\"height\":1300,\"caption\":\"Alle Reisel\u00e4nder, in die Grosman - Tour eine Reise oder Klassenfahrt plant\"},{\"@type\":\"BreadcrumbList\",\"@id\":\"https:\/\/grosman-tour.de\/reiselaender\/#breadcrumb\",\"itemListElement\":[{\"@type\":\"ListItem\",\"position\":1,\"name\":\"Startseite\",\"item\":\"https:\/\/grosman-tour.de\/\"},{\"@type\":\"ListItem\",\"position\":2,\"name\":\"Reisel\u00e4nder\"}]},{\"@type\":\"WebSite\",\"@id\":\"https:\/\/grosman-tour.de\/#website\",\"url\":\"https:\/\/grosman-tour.de\/\",\"name\":\"Grosman Tour\",\"description\":\"Reiseb\u00fcro aus Dortmund\",\"publisher\":{\"@id\":\"https:\/\/grosman-tour.de\/#organization\"},\"potentialAction\":[{\"@type\":\"SearchAction\",\"target\":{\"@type\":\"EntryPoint\",\"urlTemplate\":\"https:\/\/grosman-tour.de\/?s={search_term_string}\"},\"query-input\":{\"@type\":\"PropertyValueSpecification\",\"valueRequired\":true,\"valueName\":\"search_term_string\"}}],\"inLanguage\":\"ru-RU\"},{\"@type\":\"Organization\",\"@id\":\"https:\/\/grosman-tour.de\/#organization\",\"name\":\"Grosman Tour\",\"url\":\"https:\/\/grosman-tour.de\/\",\"logo\":{\"@type\":\"ImageObject\",\"inLanguage\":\"ru-RU\",\"@id\":\"https:\/\/grosman-tour.de\/#\/schema\/logo\/image\/\",\"url\":\"http:\/\/stage.grosman-tour.de\/wp-content\/uploads\/2025\/11\/cropped-Grosman_Tour-1200x1200-1.png\",\"contentUrl\":\"http:\/\/stage.grosman-tour.de\/wp-content\/uploads\/2025\/11\/cropped-Grosman_Tour-1200x1200-1.png\",\"width\":512,\"height\":512,\"caption\":\"Grosman Tour\"},\"image\":{\"@id\":\"https:\/\/grosman-tour.de\/#\/schema\/logo\/image\/\"}}]}<\/script>\n<!-- \/ Yoast SEO plugin. -->","yoast_head_json":{"title":"Alle Reisel\u00e4nder in die Grosman Tour eine Reise plant - jetzt entdecken","description":"Die Welt ist voller faszinierender Reisel\u00e4nder, einzigartigen Kulturen, beeindruckenden Landschaften & unvergesslichen Erlebnissen.","robots":{"index":"index","follow":"follow","max-snippet":"max-snippet:-1","max-image-preview":"max-image-preview:large","max-video-preview":"max-video-preview:-1"},"canonical":"https:\/\/grosman-tour.de\/ru\/reiselaender\/","og_locale":"ru_RU","og_type":"article","og_title":"Alle Reisel\u00e4nder in die Grosman Tour eine Reise plant - jetzt entdecken","og_description":"Die Welt ist voller faszinierender Reisel\u00e4nder, einzigartigen Kulturen, beeindruckenden Landschaften & unvergesslichen Erlebnissen.","og_url":"https:\/\/grosman-tour.de\/ru\/reiselaender\/","og_site_name":"Grosman Tour","article_modified_time":"2026-03-04T10:20:00+00:00","og_image":[{"width":1024,"height":693,"url":"https:\/\/grosman-tour.de\/wp-content\/uploads\/2026\/02\/reiselaender-grosmantour-1024x693.png","type":"image\/png"}],"twitter_card":"summary_large_image","twitter_misc":{"\u041f\u0440\u0438\u043c\u0435\u0440\u043d\u043e\u0435 \u0432\u0440\u0435\u043c\u044f \u0434\u043b\u044f \u0447\u0442\u0435\u043d\u0438\u044f":"1 \u043c\u0438\u043d\u0443\u0442\u0430"},"schema":{"@context":"https:\/\/schema.org","@graph":[{"@type":"WebPage","@id":"https:\/\/grosman-tour.de\/reiselaender\/","url":"https:\/\/grosman-tour.de\/reiselaender\/","name":"Alle Reisel\u00e4nder in die Grosman Tour eine Reise plant - jetzt entdecken","isPartOf":{"@id":"https:\/\/grosman-tour.de\/#website"},"primaryImageOfPage":{"@id":"https:\/\/grosman-tour.de\/reiselaender\/#primaryimage"},"image":{"@id":"https:\/\/grosman-tour.de\/reiselaender\/#primaryimage"},"thumbnailUrl":"https:\/\/grosman-tour.de\/wp-content\/uploads\/2026\/02\/reiselaender-grosmantour.png","datePublished":"2026-02-27T10:05:11+00:00","dateModified":"2026-03-04T10:20:00+00:00","description":"Die Welt ist voller faszinierender Reisel\u00e4nder, einzigartigen Kulturen, beeindruckenden Landschaften & unvergesslichen Erlebnissen.","breadcrumb":{"@id":"https:\/\/grosman-tour.de\/reiselaender\/#breadcrumb"},"inLanguage":"ru-RU","potentialAction":[{"@type":"ReadAction","target":["https:\/\/grosman-tour.de\/reiselaender\/"]}]},{"@type":"ImageObject","inLanguage":"ru-RU","@id":"https:\/\/grosman-tour.de\/reiselaender\/#primaryimage","url":"https:\/\/grosman-tour.de\/wp-content\/uploads\/2026\/02\/reiselaender-grosmantour.png","contentUrl":"https:\/\/grosman-tour.de\/wp-content\/uploads\/2026\/02\/reiselaender-grosmantour.png","width":1920,"height":1300,"caption":"Alle Reisel\u00e4nder, in die Grosman - Tour eine Reise oder Klassenfahrt plant"},{"@type":"BreadcrumbList","@id":"https:\/\/grosman-tour.de\/reiselaender\/#breadcrumb","itemListElement":[{"@type":"ListItem","position":1,"name":"Startseite","item":"https:\/\/grosman-tour.de\/"},{"@type":"ListItem","position":2,"name":"Reisel\u00e4nder"}]},{"@type":"WebSite","@id":"https:\/\/grosman-tour.de\/#website","url":"https:\/\/grosman-tour.de\/","name":"Grosman Tour","description":"Reiseb\u00fcro aus Dortmund","publisher":{"@id":"https:\/\/grosman-tour.de\/#organization"},"potentialAction":[{"@type":"SearchAction","target":{"@type":"EntryPoint","urlTemplate":"https:\/\/grosman-tour.de\/?s={search_term_string}"},"query-input":{"@type":"PropertyValueSpecification","valueRequired":true,"valueName":"search_term_string"}}],"inLanguage":"ru-RU"},{"@type":"Organization","@id":"https:\/\/grosman-tour.de\/#organization","name":"Grosman Tour","url":"https:\/\/grosman-tour.de\/","logo":{"@type":"ImageObject","inLanguage":"ru-RU","@id":"https:\/\/grosman-tour.de\/#\/schema\/logo\/image\/","url":"http:\/\/stage.grosman-tour.de\/wp-content\/uploads\/2025\/11\/cropped-Grosman_Tour-1200x1200-1.png","contentUrl":"http:\/\/stage.grosman-tour.de\/wp-content\/uploads\/2025\/11\/cropped-Grosman_Tour-1200x1200-1.png","width":512,"height":512,"caption":"Grosman Tour"},"image":{"@id":"https:\/\/grosman-tour.de\/#\/schema\/logo\/image\/"}}]}},"publishpress_future_action":{"enabled":false,"date":"2026-04-25 10:31:42","action":"change-status","newStatus":"draft","terms":[],"taxonomy":"","extraData":[]},"publishpress_future_workflow_manual_trigger":{"enabledWorkflows":[]},"_links":{"self":[{"href":"https:\/\/grosman-tour.de\/ru\/wp-json\/wp\/v2\/pages\/1958","targetHints":{"allow":["GET"]}}],"collection":[{"href":"https:\/\/grosman-tour.de\/ru\/wp-json\/wp\/v2\/pages"}],"about":[{"href":"https:\/\/grosman-tour.de\/ru\/wp-json\/wp\/v2\/types\/page"}],"author":[{"embeddable":true,"href":"https:\/\/grosman-tour.de\/ru\/wp-json\/wp\/v2\/users\/1"}],"replies":[{"embeddable":true,"href":"https:\/\/grosman-tour.de\/ru\/wp-json\/wp\/v2\/comments?post=1958"}],"version-history":[{"count":19,"href":"https:\/\/grosman-tour.de\/ru\/wp-json\/wp\/v2\/pages\/1958\/revisions"}],"predecessor-version":[{"id":2023,"href":"https:\/\/grosman-tour.de\/ru\/wp-json\/wp\/v2\/pages\/1958\/revisions\/2023"}],"wp:featuredmedia":[{"embeddable":true,"href":"https:\/\/grosman-tour.de\/ru\/wp-json\/wp\/v2\/media\/1959"}],"wp:attachment":[{"href":"https:\/\/grosman-tour.de\/ru\/wp-json\/wp\/v2\/media?parent=1958"}],"curies":[{"name":"wp","href":"https:\/\/api.w.org\/{rel}","templated":true}]}}