{"id":1449,"date":"2026-01-08T16:00:04","date_gmt":"2026-01-08T15:00:04","guid":{"rendered":"https:\/\/stage.grosman-tour.de\/?page_id=1449"},"modified":"2026-01-09T13:16:06","modified_gmt":"2026-01-09T12:16:06","slug":"kontakt","status":"publish","type":"page","link":"https:\/\/grosman-tour.de\/ru\/kontakt\/","title":{"rendered":"\u041a\u043e\u043d\u0442\u0430\u043a\u0442\u044b"},"content":{"rendered":"<div data-elementor-type=\"wp-page\" data-elementor-id=\"1449\" class=\"elementor elementor-1449\">\n\t\t\t\t<div class=\"elementor-element elementor-element-27492be9 e-con-full e-flex wpr-particle-no wpr-jarallax-no wpr-parallax-no wpr-sticky-section-no e-con e-parent\" data-id=\"27492be9\" data-element_type=\"container\" data-e-type=\"container\">\n\t\t\t\t<div class=\"elementor-element elementor-element-d872a38 elementor-widget elementor-widget-google_maps\" data-id=\"d872a38\" data-element_type=\"widget\" data-e-type=\"widget\" data-widget_type=\"google_maps.default\">\n\t\t\t\t\t\t\t<div class=\"elementor-custom-embed\">\n\t\t\t<iframe loading=\"lazy\"\n\t\t\t\t\tsrc=\"https:\/\/maps.google.com\/maps?q=Bornstr.%2066%2044145%20Dortmund&#038;t=m&#038;z=16&#038;output=embed&#038;iwloc=near\"\n\t\t\t\t\ttitle=\"Bornstr. 66 44145 Dortmund\"\n\t\t\t\t\taria-label=\"Bornstr. 66 44145 Dortmund\"\n\t\t\t><\/iframe>\n\t\t<\/div>\n\t\t\t\t\t\t<\/div>\n\t\t\t\t<\/div>\n\t\t<div class=\"elementor-element elementor-element-45d6344 e-flex e-con-boxed wpr-particle-no wpr-jarallax-no wpr-parallax-no wpr-sticky-section-no e-con e-parent\" data-id=\"45d6344\" data-element_type=\"container\" data-e-type=\"container\">\n\t\t\t\t\t<div class=\"e-con-inner\">\n\t\t<div class=\"elementor-element elementor-element-de431a5 e-con-full e-flex wpr-particle-no wpr-jarallax-no wpr-parallax-no wpr-sticky-section-no e-con e-child\" data-id=\"de431a5\" data-element_type=\"container\" data-e-type=\"container\">\n\t\t\t\t<div class=\"elementor-element elementor-element-fe7424f elementor-widget elementor-widget-eael-image-accordion\" data-id=\"fe7424f\" data-element_type=\"widget\" data-e-type=\"widget\" data-widget_type=\"eael-image-accordion.default\">\n\t\t\t\t\t    <div class=\"eael-img-accordion accordion-direction-horizontal eael-img-accordion-horizontal-align-center eael-img-accordion-vertical-align-center\" id=\"eael-img-accordion-fe7424f\" data-img-accordion-id=\"fe7424f\" data-img-accordion-type=\"on-hover\">\n                    \n            <div class=\"eael-image-accordion-hover eael-image-accordion-item overlay-active\" style=\"background-image: url(http:\/\/stage.grosman-tour.de\/wp-content\/uploads\/2026\/01\/Grosman-Tour-in-Duesseldorf-Laden.jpg); flex: 3 1 0%;\"  tabindex=\"0\">\n                <div class=\"overlay\">\n                                        <div class=\"overlay-inner  overlay-inner-show\">\n                        <h2 class=\"img-accordion-title\">Grosman Tour<\/h2>                            <p><p>Besuchen Sie uns im Herzen von D\u00fcsseldorf<\/p><\/p>\n                                            <\/div>\n                <\/div>\n            <\/div>\n                    \n            <div class=\"eael-image-accordion-hover eael-image-accordion-item\" style=\"background-image: url(http:\/\/stage.grosman-tour.de\/wp-content\/uploads\/2026\/01\/Grosman-Tour-in-Duesseldorf-innen.jpg);\"  tabindex=\"0\">\n                <div class=\"overlay\">\n                                        <div class=\"overlay-inner\">\n                        <h2 class=\"img-accordion-title\">Grosman Tour<\/h2>                            <p><p>Wir freuen uns auf Ihren Besuch.<\/p><\/p>\n                                            <\/div>\n                <\/div>\n            <\/div>\n                <\/div>\n        <style typr=\"text\/css\">\n                    #eael-img-accordion-fe7424f .eael-image-accordion-hover:hover {\n                        flex: 3 1 0% !important;\n                    }\n                    #eael-img-accordion-fe7424f .eael-image-accordion-hover:hover:hover .overlay-inner * {\n                        opacity: 1;\n                        visibility: visible;\n                        transform: none;\n                        transition: all .3s .3s;\n                    }\n                <\/style>\t\t\t\t<\/div>\n\t\t\t\t<div class=\"elementor-element elementor-element-71fc84c elementor-widget elementor-widget-heading\" data-id=\"71fc84c\" data-element_type=\"widget\" data-e-type=\"widget\" data-widget_type=\"heading.default\">\n\t\t\t\t\t<h2 class=\"elementor-heading-title elementor-size-default\">So erreichen Sie uns<\/h2>\t\t\t\t<\/div>\n\t\t\t\t<div class=\"elementor-element elementor-element-4e0a136 elementor-widget__width-initial elementor-widget elementor-widget-text-editor\" data-id=\"4e0a136\" data-element_type=\"widget\" data-e-type=\"widget\" data-widget_type=\"text-editor.default\">\n\t\t\t\t\t\t\t\t\t<div class=\"elementor-element elementor-element-58adf1a elementor-widget elementor-widget-text-editor\" data-id=\"58adf1a\" data-element_type=\"widget\" data-widget_type=\"text-editor.default\"><div class=\"elementor-widget-container\"><div align=\"left\"><p><strong>Mit \u00f6ffentlichen Verkehrsmitteln:<br \/><\/strong>Mit der U-Bahn 42 oder 46 bis zur Haltestelle \u201eBr\u00fcgmannplatz\u201c.<\/p><p><strong>Mit PKW:<br \/><\/strong>Von A45 bei Ausfahrt 4-Kreuz Dortmund-Hafen Richtung DO-Huckarde\/DO-Hafen fahren. Weiter auf Mallinckrodtstra\u00dfe ca. 6 km fahren. Dann rechts auf Bornstra\u00dfe abbiegen und in ca. 300 m finden Sie uns auf der rechten Seite.<\/p><\/div><\/div><\/div>\t\t\t\t\t\t\t\t<\/div>\n\t\t\t\t<\/div>\n\t\t<div class=\"elementor-element elementor-element-f956cda e-con-full e-flex wpr-particle-no wpr-jarallax-no wpr-parallax-no wpr-sticky-section-no e-con e-child\" data-id=\"f956cda\" data-element_type=\"container\" data-e-type=\"container\">\n\t\t<div class=\"elementor-element elementor-element-a73bb6e e-con-full e-flex wpr-particle-no wpr-jarallax-no wpr-parallax-no wpr-sticky-section-no e-con e-child\" data-id=\"a73bb6e\" data-element_type=\"container\" data-e-type=\"container\">\n\t\t<div class=\"elementor-element elementor-element-02f8a9c e-con-full e-flex wpr-particle-no wpr-jarallax-no wpr-parallax-no wpr-sticky-section-no e-con e-child\" data-id=\"02f8a9c\" data-element_type=\"container\" data-e-type=\"container\">\n\t\t\t\t<div class=\"elementor-element elementor-element-4b27ee7 wpr-team-member-divider-center elementor-widget elementor-widget-wpr-team-member\" data-id=\"4b27ee7\" data-element_type=\"widget\" data-e-type=\"widget\" data-widget_type=\"wpr-team-member.default\">\n\t\t\t\t\t\n\t<div class=\"wpr-team-member\">\n\t\t\t\t\t\n\t\t\t<div class=\"wpr-member-media\">\n\t\t\t\t<div class=\"wpr-member-image\">\n\t\t\t\t\t<img decoding=\"async\" src=\"https:\/\/grosman-tour.de\/wp-content\/uploads\/2026\/01\/Leonid-Grosman_Grosman-Tour-217x217-1.png\" alt=\"Leonid Grosman\">\n\t\t\t\t<\/div>\n\t\t\t\t\t\t\t<\/div>\n\t\t\t\t\n\t\t\n\t\t<div class=\"wpr-member-content\">\n\t\t\t<h3 class=\"wpr-member-name\">Leonid Grosman<\/h3>\n\t\t\t\t\t\t\t<div class=\"wpr-member-divider\"><\/div>\n\t\t\t\n\t\t\t\t\t\t\t<div class=\"wpr-member-job\">Gesch\u00e4ftsf\u00fchrer<\/div>\n\t\t\t\n\t\t\t\n\t\t\t\t\t\t\t<div class=\"wpr-member-description\">E-Mail: info@grosman-tour.de<br>\nTel.: +49 (0) 231 \/ 86 44 383<br>\nMobil: +49 (0) 178 \/ 727 50 06<\/div>\n\t\t\t\t\t\t\n\t\t\t<div class=\"wpr-member-btn-wrap\"><a class=\"wpr-member-btn wpr-button-effect wpr-button-none\" href=\"tel:+492318644383%20\"><span>Jetzt anrufen<\/span><\/a><\/div>\t\t<\/div>\n\n\t\t\t<\/div>\n\n\t\t\t\t\t<\/div>\n\t\t\t\t<\/div>\n\t\t<div class=\"elementor-element elementor-element-3f7051c e-con-full e-flex wpr-particle-no wpr-jarallax-no wpr-parallax-no wpr-sticky-section-no e-con e-child\" data-id=\"3f7051c\" data-element_type=\"container\" data-e-type=\"container\">\n\t\t\t\t<div class=\"elementor-element elementor-element-9270a43 wpr-team-member-divider-center elementor-widget elementor-widget-wpr-team-member\" data-id=\"9270a43\" data-element_type=\"widget\" data-e-type=\"widget\" data-widget_type=\"wpr-team-member.default\">\n\t\t\t\t\t\n\t<div class=\"wpr-team-member\">\n\t\t\t\t\t\n\t\t\t<div class=\"wpr-member-media\">\n\t\t\t\t<div class=\"wpr-member-image\">\n\t\t\t\t\t<img decoding=\"async\" src=\"https:\/\/grosman-tour.de\/wp-content\/uploads\/2026\/01\/Aviva-Nidel-Mitarbeiterin_Grosman-Tour-217x217-1.png\" alt=\"Aviva Grosman\">\n\t\t\t\t<\/div>\n\t\t\t\t\t\t\t<\/div>\n\t\t\t\t\n\t\t\n\t\t<div class=\"wpr-member-content\">\n\t\t\t<h3 class=\"wpr-member-name\">Aviva Grosman<\/h3>\n\t\t\t\t\t\t\t<div class=\"wpr-member-divider\"><\/div>\n\t\t\t\n\t\t\t\t\t\t\t<div class=\"wpr-member-job\">Medizinreisemanagerin<\/div>\n\t\t\t\n\t\t\t\n\t\t\t\t\t\t\t<div class=\"wpr-member-description\">Tel.: +49 (0) 162 \/ 24 88 055<\/div>\n\t\t\t\t\t\t\n\t\t\t<div class=\"wpr-member-btn-wrap\"><a class=\"wpr-member-btn wpr-button-effect wpr-button-none\" href=\"tel:+491622488055\"><span>Jetzt anrufen<\/span><\/a><\/div>\t\t<\/div>\n\n\t\t\t<\/div>\n\n\t\t\t\t\t<\/div>\n\t\t\t\t<\/div>\n\t\t<div class=\"elementor-element elementor-element-a870bd0 e-con-full e-flex wpr-particle-no wpr-jarallax-no wpr-parallax-no wpr-sticky-section-no e-con e-child\" data-id=\"a870bd0\" data-element_type=\"container\" data-e-type=\"container\">\n\t\t\t\t<div class=\"elementor-element elementor-element-41cbbca wpr-team-member-divider-center elementor-widget elementor-widget-wpr-team-member\" data-id=\"41cbbca\" data-element_type=\"widget\" data-e-type=\"widget\" data-widget_type=\"wpr-team-member.default\">\n\t\t\t\t\t\n\t<div class=\"wpr-team-member\">\n\t\t\t\t\t\n\t\t\t<div class=\"wpr-member-media\">\n\t\t\t\t<div class=\"wpr-member-image\">\n\t\t\t\t\t<img decoding=\"async\" src=\"https:\/\/grosman-tour.de\/wp-content\/uploads\/2026\/01\/Marina-Gorel_mitarbeiterin-Grosman-Tour-217x217-1.png\" alt=\"Marina Gorel\">\n\t\t\t\t<\/div>\n\t\t\t\t\t\t\t<\/div>\n\t\t\t\t\n\t\t\n\t\t<div class=\"wpr-member-content\">\n\t\t\t<h3 class=\"wpr-member-name\">Marina Gorel<\/h3>\n\t\t\t\t\t\t\t<div class=\"wpr-member-divider\"><\/div>\n\t\t\t\n\t\t\t\t\t\t\t<div class=\"wpr-member-job\">Reiseverkehrskauffrau<\/div>\n\t\t\t\n\t\t\t\n\t\t\t\t\t\t\t<div class=\"wpr-member-description\">Tel.: +49 (0) 231 \/ 15 03 573<\/div>\n\t\t\t\t\t\t\n\t\t\t<div class=\"wpr-member-btn-wrap\"><a class=\"wpr-member-btn wpr-button-effect wpr-button-none\" href=\"tel:+492311503573\"><span>Jetzt anrufen<\/span><\/a><\/div>\t\t<\/div>\n\n\t\t\t<\/div>\n\n\t\t\t\t\t<\/div>\n\t\t\t\t<\/div>\n\t\t\t\t<\/div>\n\t\t\t\t<\/div>\n\t\t\t\t\t<\/div>\n\t\t\t\t<\/div>\n\t\t\t\t<\/div>","protected":false},"excerpt":{"rendered":"<p>Haben Sie Fragen? Schreiben Sie uns. Bitte aktiviere JavaScript in deinem Browser, um dieses Formular fertigzustellen.Bitte aktiviere JavaScript in deinem Browser, um dieses Formular fertigzustellen. Ihr Name * VornameNachname Ihre E-Mail-Adresse *Ihre Nachricht an uns * Absenden Grosman Tour Besuchen Sie uns im Herzen von D\u00fcsseldorf Grosman Tour Wir freuen uns auf Ihren Besuch. So erreichen Sie uns Mit \u00f6ffentlichen Verkehrsmitteln:Mit der U-Bahn 42 oder 46 bis zur Haltestelle \u201eBr\u00fcgmannplatz\u201c. Mit PKW:Von A45 bei Ausfahrt 4-Kreuz Dortmund-Hafen Richtung DO-Huckarde\/DO-Hafen fahren. Weiter auf Mallinckrodtstra\u00dfe ca. 6 km fahren. Dann rechts auf Bornstra\u00dfe abbiegen und in ca. 300 m finden Sie uns auf der rechten Seite. Leonid Grosman Gesch\u00e4ftsf\u00fchrer E-Mail: info@grosman-tour.de Tel.: +49 (0) 231 \/ 86 44 383 Mobil: +49 (0) 178 \/ 727 50 06 Jetzt anrufen Aviva Grosman Medizinreisemanagerin Tel.: +49 (0) 162 \/ 24 88 055 Jetzt anrufen Marina Gorel Reiseverkehrskauffrau Tel.: +49 (0) 231 \/ 15 03 573 Jetzt anrufen<\/p>","protected":false},"author":1,"featured_media":826,"parent":0,"menu_order":0,"comment_status":"closed","ping_status":"closed","template":"elementor_canvas","meta":{"ocean_post_layout":"","ocean_both_sidebars_style":"","ocean_both_sidebars_content_width":0,"ocean_both_sidebars_sidebars_width":0,"ocean_sidebar":"","ocean_second_sidebar":"","ocean_disable_margins":"enable","ocean_add_body_class":"","ocean_shortcode_before_top_bar":"","ocean_shortcode_after_top_bar":"","ocean_shortcode_before_header":"","ocean_shortcode_after_header":"","ocean_has_shortcode":"","ocean_shortcode_after_title":"","ocean_shortcode_before_footer_widgets":"","ocean_shortcode_after_footer_widgets":"","ocean_shortcode_before_footer_bottom":"","ocean_shortcode_after_footer_bottom":"","ocean_display_top_bar":"default","ocean_display_header":"default","ocean_header_style":"","ocean_center_header_left_menu":"","ocean_custom_header_template":"","ocean_custom_logo":0,"ocean_custom_retina_logo":0,"ocean_custom_logo_max_width":0,"ocean_custom_logo_tablet_max_width":0,"ocean_custom_logo_mobile_max_width":0,"ocean_custom_logo_max_height":0,"ocean_custom_logo_tablet_max_height":0,"ocean_custom_logo_mobile_max_height":0,"ocean_header_custom_menu":"","ocean_menu_typo_font_family":"","ocean_menu_typo_font_subset":"","ocean_menu_typo_font_size":0,"ocean_menu_typo_font_size_tablet":0,"ocean_menu_typo_font_size_mobile":0,"ocean_menu_typo_font_size_unit":"px","ocean_menu_typo_font_weight":"","ocean_menu_typo_font_weight_tablet":"","ocean_menu_typo_font_weight_mobile":"","ocean_menu_typo_transform":"","ocean_menu_typo_transform_tablet":"","ocean_menu_typo_transform_mobile":"","ocean_menu_typo_line_height":0,"ocean_menu_typo_line_height_tablet":0,"ocean_menu_typo_line_height_mobile":0,"ocean_menu_typo_line_height_unit":"","ocean_menu_typo_spacing":0,"ocean_menu_typo_spacing_tablet":0,"ocean_menu_typo_spacing_mobile":0,"ocean_menu_typo_spacing_unit":"","ocean_menu_link_color":"","ocean_menu_link_color_hover":"","ocean_menu_link_color_active":"","ocean_menu_link_background":"","ocean_menu_link_hover_background":"","ocean_menu_link_active_background":"","ocean_menu_social_links_bg":"","ocean_menu_social_hover_links_bg":"","ocean_menu_social_links_color":"","ocean_menu_social_hover_links_color":"","ocean_disable_title":"default","ocean_disable_heading":"default","ocean_post_title":"","ocean_post_subheading":"","ocean_post_title_style":"","ocean_post_title_background_color":"","ocean_post_title_background":0,"ocean_post_title_bg_image_position":"","ocean_post_title_bg_image_attachment":"","ocean_post_title_bg_image_repeat":"","ocean_post_title_bg_image_size":"","ocean_post_title_height":0,"ocean_post_title_bg_overlay":0.5,"ocean_post_title_bg_overlay_color":"","ocean_disable_breadcrumbs":"default","ocean_breadcrumbs_color":"","ocean_breadcrumbs_separator_color":"","ocean_breadcrumbs_links_color":"","ocean_breadcrumbs_links_hover_color":"","ocean_display_footer_widgets":"default","ocean_display_footer_bottom":"default","ocean_custom_footer_template":"","footnotes":""},"class_list":["post-1449","page","type-page","status-publish","has-post-thumbnail","hentry","entry","has-media"],"yoast_head":"<!-- This site is optimized with the Yoast SEO plugin v27.1.1 - https:\/\/yoast.com\/product\/yoast-seo-wordpress\/ -->\n<title>Kontakt von Grosman Tour - Ihrem Reiseb\u00fcro aus D\u00fcsseldorf<\/title>\n<meta name=\"description\" content=\"Sie suchen den pers\u00f6nlichen Kontakt zum Reiseb\u00fcro Grosman Tour. Hier finden Sie unsere Kontaktm\u00f6glichkeiten.\" \/>\n<meta name=\"robots\" content=\"index, follow, max-snippet:-1, max-image-preview:large, max-video-preview:-1\" \/>\n<link rel=\"canonical\" href=\"https:\/\/grosman-tour.de\/ru\/kontakt\/\" \/>\n<meta property=\"og:locale\" content=\"ru_RU\" \/>\n<meta property=\"og:type\" content=\"article\" \/>\n<meta property=\"og:title\" content=\"Kontakt von Grosman Tour - Ihrem Reiseb\u00fcro aus D\u00fcsseldorf\" \/>\n<meta property=\"og:description\" content=\"Sie suchen den pers\u00f6nlichen Kontakt zum Reiseb\u00fcro Grosman Tour. Hier finden Sie unsere Kontaktm\u00f6glichkeiten.\" \/>\n<meta property=\"og:url\" content=\"https:\/\/grosman-tour.de\/ru\/kontakt\/\" \/>\n<meta property=\"og:site_name\" content=\"Grosman Tour\" \/>\n<meta property=\"article:modified_time\" content=\"2026-01-09T12:16:06+00:00\" \/>\n<meta property=\"og:image\" content=\"https:\/\/grosman-tour.de\/wp-content\/uploads\/2025\/11\/cropped-Grosman_Tour-1200x1200-1.png\" \/>\n\t<meta property=\"og:image:width\" content=\"512\" \/>\n\t<meta property=\"og:image:height\" content=\"512\" \/>\n\t<meta property=\"og:image:type\" content=\"image\/png\" \/>\n<meta name=\"twitter:card\" content=\"summary_large_image\" \/>\n<meta name=\"twitter:label1\" content=\"\u041f\u0440\u0438\u043c\u0435\u0440\u043d\u043e\u0435 \u0432\u0440\u0435\u043c\u044f \u0434\u043b\u044f \u0447\u0442\u0435\u043d\u0438\u044f\" \/>\n\t<meta name=\"twitter:data1\" content=\"2 \u043c\u0438\u043d\u0443\u0442\u044b\" \/>\n<script type=\"application\/ld+json\" class=\"yoast-schema-graph\">{\"@context\":\"https:\/\/schema.org\",\"@graph\":[{\"@type\":\"WebPage\",\"@id\":\"https:\/\/grosman-tour.de\/kontakt\/\",\"url\":\"https:\/\/grosman-tour.de\/kontakt\/\",\"name\":\"Kontakt von Grosman Tour - Ihrem Reiseb\u00fcro aus D\u00fcsseldorf\",\"isPartOf\":{\"@id\":\"https:\/\/grosman-tour.de\/#website\"},\"primaryImageOfPage\":{\"@id\":\"https:\/\/grosman-tour.de\/kontakt\/#primaryimage\"},\"image\":{\"@id\":\"https:\/\/grosman-tour.de\/kontakt\/#primaryimage\"},\"thumbnailUrl\":\"https:\/\/grosman-tour.de\/wp-content\/uploads\/2025\/11\/cropped-Grosman_Tour-1200x1200-1.png\",\"datePublished\":\"2026-01-08T15:00:04+00:00\",\"dateModified\":\"2026-01-09T12:16:06+00:00\",\"description\":\"Sie suchen den pers\u00f6nlichen Kontakt zum Reiseb\u00fcro Grosman Tour. Hier finden Sie unsere Kontaktm\u00f6glichkeiten.\",\"breadcrumb\":{\"@id\":\"https:\/\/grosman-tour.de\/kontakt\/#breadcrumb\"},\"inLanguage\":\"ru-RU\",\"potentialAction\":[{\"@type\":\"ReadAction\",\"target\":[\"https:\/\/grosman-tour.de\/kontakt\/\"]}]},{\"@type\":\"ImageObject\",\"inLanguage\":\"ru-RU\",\"@id\":\"https:\/\/grosman-tour.de\/kontakt\/#primaryimage\",\"url\":\"https:\/\/grosman-tour.de\/wp-content\/uploads\/2025\/11\/cropped-Grosman_Tour-1200x1200-1.png\",\"contentUrl\":\"https:\/\/grosman-tour.de\/wp-content\/uploads\/2025\/11\/cropped-Grosman_Tour-1200x1200-1.png\",\"width\":512,\"height\":512,\"caption\":\"Grosman_Tour Logo rot\"},{\"@type\":\"BreadcrumbList\",\"@id\":\"https:\/\/grosman-tour.de\/kontakt\/#breadcrumb\",\"itemListElement\":[{\"@type\":\"ListItem\",\"position\":1,\"name\":\"Startseite\",\"item\":\"https:\/\/grosman-tour.de\/\"},{\"@type\":\"ListItem\",\"position\":2,\"name\":\"Kontakt\"}]},{\"@type\":\"WebSite\",\"@id\":\"https:\/\/grosman-tour.de\/#website\",\"url\":\"https:\/\/grosman-tour.de\/\",\"name\":\"Grosman Tour\",\"description\":\"Reiseb\u00fcro aus Dortmund\",\"publisher\":{\"@id\":\"https:\/\/grosman-tour.de\/#organization\"},\"potentialAction\":[{\"@type\":\"SearchAction\",\"target\":{\"@type\":\"EntryPoint\",\"urlTemplate\":\"https:\/\/grosman-tour.de\/?s={search_term_string}\"},\"query-input\":{\"@type\":\"PropertyValueSpecification\",\"valueRequired\":true,\"valueName\":\"search_term_string\"}}],\"inLanguage\":\"ru-RU\"},{\"@type\":\"Organization\",\"@id\":\"https:\/\/grosman-tour.de\/#organization\",\"name\":\"Grosman Tour\",\"url\":\"https:\/\/grosman-tour.de\/\",\"logo\":{\"@type\":\"ImageObject\",\"inLanguage\":\"ru-RU\",\"@id\":\"https:\/\/grosman-tour.de\/#\/schema\/logo\/image\/\",\"url\":\"http:\/\/stage.grosman-tour.de\/wp-content\/uploads\/2025\/11\/cropped-Grosman_Tour-1200x1200-1.png\",\"contentUrl\":\"http:\/\/stage.grosman-tour.de\/wp-content\/uploads\/2025\/11\/cropped-Grosman_Tour-1200x1200-1.png\",\"width\":512,\"height\":512,\"caption\":\"Grosman Tour\"},\"image\":{\"@id\":\"https:\/\/grosman-tour.de\/#\/schema\/logo\/image\/\"}}]}<\/script>\n<!-- \/ Yoast SEO plugin. -->","yoast_head_json":{"title":"Kontakt von Grosman Tour - Ihrem Reiseb\u00fcro aus D\u00fcsseldorf","description":"Sie suchen den pers\u00f6nlichen Kontakt zum Reiseb\u00fcro Grosman Tour. Hier finden Sie unsere Kontaktm\u00f6glichkeiten.","robots":{"index":"index","follow":"follow","max-snippet":"max-snippet:-1","max-image-preview":"max-image-preview:large","max-video-preview":"max-video-preview:-1"},"canonical":"https:\/\/grosman-tour.de\/ru\/kontakt\/","og_locale":"ru_RU","og_type":"article","og_title":"Kontakt von Grosman Tour - Ihrem Reiseb\u00fcro aus D\u00fcsseldorf","og_description":"Sie suchen den pers\u00f6nlichen Kontakt zum Reiseb\u00fcro Grosman Tour. Hier finden Sie unsere Kontaktm\u00f6glichkeiten.","og_url":"https:\/\/grosman-tour.de\/ru\/kontakt\/","og_site_name":"Grosman Tour","article_modified_time":"2026-01-09T12:16:06+00:00","og_image":[{"width":512,"height":512,"url":"https:\/\/grosman-tour.de\/wp-content\/uploads\/2025\/11\/cropped-Grosman_Tour-1200x1200-1.png","type":"image\/png"}],"twitter_card":"summary_large_image","twitter_misc":{"\u041f\u0440\u0438\u043c\u0435\u0440\u043d\u043e\u0435 \u0432\u0440\u0435\u043c\u044f \u0434\u043b\u044f \u0447\u0442\u0435\u043d\u0438\u044f":"2 \u043c\u0438\u043d\u0443\u0442\u044b"},"schema":{"@context":"https:\/\/schema.org","@graph":[{"@type":"WebPage","@id":"https:\/\/grosman-tour.de\/kontakt\/","url":"https:\/\/grosman-tour.de\/kontakt\/","name":"Kontakt von Grosman Tour - Ihrem Reiseb\u00fcro aus D\u00fcsseldorf","isPartOf":{"@id":"https:\/\/grosman-tour.de\/#website"},"primaryImageOfPage":{"@id":"https:\/\/grosman-tour.de\/kontakt\/#primaryimage"},"image":{"@id":"https:\/\/grosman-tour.de\/kontakt\/#primaryimage"},"thumbnailUrl":"https:\/\/grosman-tour.de\/wp-content\/uploads\/2025\/11\/cropped-Grosman_Tour-1200x1200-1.png","datePublished":"2026-01-08T15:00:04+00:00","dateModified":"2026-01-09T12:16:06+00:00","description":"Sie suchen den pers\u00f6nlichen Kontakt zum Reiseb\u00fcro Grosman Tour. Hier finden Sie unsere Kontaktm\u00f6glichkeiten.","breadcrumb":{"@id":"https:\/\/grosman-tour.de\/kontakt\/#breadcrumb"},"inLanguage":"ru-RU","potentialAction":[{"@type":"ReadAction","target":["https:\/\/grosman-tour.de\/kontakt\/"]}]},{"@type":"ImageObject","inLanguage":"ru-RU","@id":"https:\/\/grosman-tour.de\/kontakt\/#primaryimage","url":"https:\/\/grosman-tour.de\/wp-content\/uploads\/2025\/11\/cropped-Grosman_Tour-1200x1200-1.png","contentUrl":"https:\/\/grosman-tour.de\/wp-content\/uploads\/2025\/11\/cropped-Grosman_Tour-1200x1200-1.png","width":512,"height":512,"caption":"Grosman_Tour Logo rot"},{"@type":"BreadcrumbList","@id":"https:\/\/grosman-tour.de\/kontakt\/#breadcrumb","itemListElement":[{"@type":"ListItem","position":1,"name":"Startseite","item":"https:\/\/grosman-tour.de\/"},{"@type":"ListItem","position":2,"name":"Kontakt"}]},{"@type":"WebSite","@id":"https:\/\/grosman-tour.de\/#website","url":"https:\/\/grosman-tour.de\/","name":"Grosman Tour","description":"Reiseb\u00fcro aus Dortmund","publisher":{"@id":"https:\/\/grosman-tour.de\/#organization"},"potentialAction":[{"@type":"SearchAction","target":{"@type":"EntryPoint","urlTemplate":"https:\/\/grosman-tour.de\/?s={search_term_string}"},"query-input":{"@type":"PropertyValueSpecification","valueRequired":true,"valueName":"search_term_string"}}],"inLanguage":"ru-RU"},{"@type":"Organization","@id":"https:\/\/grosman-tour.de\/#organization","name":"Grosman Tour","url":"https:\/\/grosman-tour.de\/","logo":{"@type":"ImageObject","inLanguage":"ru-RU","@id":"https:\/\/grosman-tour.de\/#\/schema\/logo\/image\/","url":"http:\/\/stage.grosman-tour.de\/wp-content\/uploads\/2025\/11\/cropped-Grosman_Tour-1200x1200-1.png","contentUrl":"http:\/\/stage.grosman-tour.de\/wp-content\/uploads\/2025\/11\/cropped-Grosman_Tour-1200x1200-1.png","width":512,"height":512,"caption":"Grosman Tour"},"image":{"@id":"https:\/\/grosman-tour.de\/#\/schema\/logo\/image\/"}}]}},"publishpress_future_action":{"enabled":false,"date":"2026-04-25 12:08:53","action":"change-status","newStatus":"draft","terms":[],"taxonomy":"","extraData":[]},"publishpress_future_workflow_manual_trigger":{"enabledWorkflows":[]},"_links":{"self":[{"href":"https:\/\/grosman-tour.de\/ru\/wp-json\/wp\/v2\/pages\/1449","targetHints":{"allow":["GET"]}}],"collection":[{"href":"https:\/\/grosman-tour.de\/ru\/wp-json\/wp\/v2\/pages"}],"about":[{"href":"https:\/\/grosman-tour.de\/ru\/wp-json\/wp\/v2\/types\/page"}],"author":[{"embeddable":true,"href":"https:\/\/grosman-tour.de\/ru\/wp-json\/wp\/v2\/users\/1"}],"replies":[{"embeddable":true,"href":"https:\/\/grosman-tour.de\/ru\/wp-json\/wp\/v2\/comments?post=1449"}],"version-history":[{"count":32,"href":"https:\/\/grosman-tour.de\/ru\/wp-json\/wp\/v2\/pages\/1449\/revisions"}],"predecessor-version":[{"id":1638,"href":"https:\/\/grosman-tour.de\/ru\/wp-json\/wp\/v2\/pages\/1449\/revisions\/1638"}],"wp:featuredmedia":[{"embeddable":true,"href":"https:\/\/grosman-tour.de\/ru\/wp-json\/wp\/v2\/media\/826"}],"wp:attachment":[{"href":"https:\/\/grosman-tour.de\/ru\/wp-json\/wp\/v2\/media?parent=1449"}],"curies":[{"name":"wp","href":"https:\/\/api.w.org\/{rel}","templated":true}]}}